{"id":87,"date":"2016-11-02T17:47:56","date_gmt":"2016-11-02T19:47:56","guid":{"rendered":"http:\/\/www.ceacaminhodaluz.org.br\/?page_id=87"},"modified":"2025-09-08T12:02:29","modified_gmt":"2025-09-08T15:02:29","slug":"noticias","status":"publish","type":"page","link":"https:\/\/www.ceacaminhodaluz.org.br\/index.php\/noticias\/","title":{"rendered":"Not\u00edcias"},"content":{"rendered":"\n<p><\/p>\n\n\n\n<h3 class=\"wp-block-heading\">Informe-se sobre not\u00edcias do Espiritismo, atrav\u00e9s dos links abaixo:<\/h3>\n\n\n\n<p><a href=\"https:\/\/agendaespiritabrasil.com.br\/category\/noticias-movimento-espirita\/\" target=\"_blank\" border=\"0\" rel=\"noopener\">\n\u00bb https:\/\/agendaespiritabrasil.com.br\/category\/noticias-movimento-espirita\/<\/a><br><a href=\"https:\/\/www.febnet.org.br\/portal\/\" target=\"_blank\" border=\"0\" rel=\"noopener\">\n\u00bb https:\/\/www.febnet.org.br\/portal\/<\/a><br><a href=\"https:\/\/www.correioespirita.org.br\/\" target=\"_blank\" border=\"0\" rel=\"noopener\">\n\u00bb https:\/\/www.correioespirita.org.br\/<\/a><br><a href=\"https:\/\/www.folhaespirita.com.br\/jornal\/\" target=\"_blank\" border=\"0\" rel=\"noopener\">\n\u00bb https:\/\/www.folhaespirita.com.br\/jornal\/<\/a><\/p>\n\n<BR><BR>\n\n\n<wp:html>\n<figure class=\"wp-block-image\"><\/a><\/figure-->\n<\/wp:html>\n<BR><BR>\n\n<!--p>\n\u00bb Est\u00e1 aberta a inscri\u00e7\u00e3o para a Forma\u00e7\u00e3o de Evangelizadores: Semin\u00e1rios e  Oficinas 2025 do 36\u00b0 CEU!\nInscreva-se clicando na imagem abaixo:\n<\/p>\n\n\n\n<figure class=\"wp-block-image\"><a href=\"https:\/\/36ceu.com.br\/formacaoevangelizadores2025\/\" target=\"_blank\"><img decoding=\"async\" src=\"https:\/\/www.ceacaminhodaluz.org.br\/wp-content\/uploads\/2025\/02\/encontro_evangelizacao.jpeg\"  width=\"250\" heigth=\"350\" alt=\"\"\/><\/a><\/figure-->\n<!-- \/wp:post-content -->","protected":false},"excerpt":{"rendered":"<p>Informe-se sobre not\u00edcias do Espiritismo, atrav\u00e9s dos links abaixo: \u00bb https:\/\/agendaespiritabrasil.com.br\/category\/noticias-movimento-espirita\/ \u00bb https:\/\/www.febnet.org.br\/portal\/ \u00bb https:\/\/www.correioespirita.org.br\/ \u00bb https:\/\/www.folhaespirita.com.br\/jornal\/<\/p>\n","protected":false},"author":1,"featured_media":0,"parent":0,"menu_order":0,"comment_status":"closed","ping_status":"closed","template":"","meta":{"footnotes":""},"class_list":["post-87","page","type-page","status-publish","hentry"],"_links":{"self":[{"href":"https:\/\/www.ceacaminhodaluz.org.br\/index.php\/wp-json\/wp\/v2\/pages\/87","targetHints":{"allow":["GET"]}}],"collection":[{"href":"https:\/\/www.ceacaminhodaluz.org.br\/index.php\/wp-json\/wp\/v2\/pages"}],"about":[{"href":"https:\/\/www.ceacaminhodaluz.org.br\/index.php\/wp-json\/wp\/v2\/types\/page"}],"author":[{"embeddable":true,"href":"https:\/\/www.ceacaminhodaluz.org.br\/index.php\/wp-json\/wp\/v2\/users\/1"}],"replies":[{"embeddable":true,"href":"https:\/\/www.ceacaminhodaluz.org.br\/index.php\/wp-json\/wp\/v2\/comments?post=87"}],"version-history":[{"count":97,"href":"https:\/\/www.ceacaminhodaluz.org.br\/index.php\/wp-json\/wp\/v2\/pages\/87\/revisions"}],"predecessor-version":[{"id":993,"href":"https:\/\/www.ceacaminhodaluz.org.br\/index.php\/wp-json\/wp\/v2\/pages\/87\/revisions\/993"}],"wp:attachment":[{"href":"https:\/\/www.ceacaminhodaluz.org.br\/index.php\/wp-json\/wp\/v2\/media?parent=87"}],"curies":[{"name":"wp","href":"https:\/\/api.w.org\/{rel}","templated":true}]}}