{"id":78,"date":"2016-11-02T17:23:33","date_gmt":"2016-11-02T19:23:33","guid":{"rendered":"http:\/\/www.ceacaminhodaluz.org.br\/?page_id=78"},"modified":"2022-07-02T11:30:33","modified_gmt":"2022-07-02T14:30:33","slug":"grupos","status":"publish","type":"page","link":"https:\/\/www.ceacaminhodaluz.org.br\/index.php\/grupos\/","title":{"rendered":"Grupos de Trabalho"},"content":{"rendered":"<p>GRUPOS DE TRABALHO<\/p>\n<ul>\n<li>Apoio \u00e0s Gestantes Carentes com distribui\u00e7\u00e3o de alimentos<br \/>\n(2\u00aa feira, 13h)<\/li>\n<li>Grupo Renascer &#8211; suporte emocional aos dependentes qu\u00edmicos e seus familiares<br \/>\n(2\u00aa feira, 18h45)<\/li>\n<li>Grupo de Artesanato<br \/>\n(2\u00aa feira, 13h30)<\/li>\n<li>Grupo da Costura &#8211; enxoval para beb\u00eas carentes<br \/>\n(3\u00aa feira, \u00e0s 13h)<\/li>\n<li>Grupo da Sopa<br \/>\n(5a. feira)<br \/>\n10h descascar legumes<br \/>\n11h cozinhar os legumes<br \/>\n19h distribuir a sopa nas comunidades carentes<\/li>\n<li>Equipe do Bazar Permanente<br \/>\nre\u00fanem-se uma vez na semana para fazer a triagem das doa\u00e7\u00f5es<\/li>\n<li>Grupo Oswaldino Gamb\u00f4a &#8211; atendimento fraterno\/espiritual<br \/>\n(5\u00aa feira, 18h)<\/li>\n<\/ul>\n","protected":false},"excerpt":{"rendered":"<p>GRUPOS DE TRABALHO Apoio \u00e0s Gestantes Carentes com distribui\u00e7\u00e3o de alimentos (2\u00aa feira, 13h) Grupo Renascer &#8211; suporte emocional aos dependentes qu\u00edmicos e seus familiares (2\u00aa feira, 18h45) Grupo de Artesanato (2\u00aa feira, 13h30) Grupo da Costura &#8211; enxoval para beb\u00eas carentes (3\u00aa feira, \u00e0s 13h) Grupo da Sopa (5a. feira) 10h descascar legumes 11h [&hellip;]<\/p>\n","protected":false},"author":1,"featured_media":0,"parent":0,"menu_order":0,"comment_status":"closed","ping_status":"closed","template":"","meta":{"footnotes":""},"class_list":["post-78","page","type-page","status-publish","hentry"],"_links":{"self":[{"href":"https:\/\/www.ceacaminhodaluz.org.br\/index.php\/wp-json\/wp\/v2\/pages\/78","targetHints":{"allow":["GET"]}}],"collection":[{"href":"https:\/\/www.ceacaminhodaluz.org.br\/index.php\/wp-json\/wp\/v2\/pages"}],"about":[{"href":"https:\/\/www.ceacaminhodaluz.org.br\/index.php\/wp-json\/wp\/v2\/types\/page"}],"author":[{"embeddable":true,"href":"https:\/\/www.ceacaminhodaluz.org.br\/index.php\/wp-json\/wp\/v2\/users\/1"}],"replies":[{"embeddable":true,"href":"https:\/\/www.ceacaminhodaluz.org.br\/index.php\/wp-json\/wp\/v2\/comments?post=78"}],"version-history":[{"count":3,"href":"https:\/\/www.ceacaminhodaluz.org.br\/index.php\/wp-json\/wp\/v2\/pages\/78\/revisions"}],"predecessor-version":[{"id":657,"href":"https:\/\/www.ceacaminhodaluz.org.br\/index.php\/wp-json\/wp\/v2\/pages\/78\/revisions\/657"}],"wp:attachment":[{"href":"https:\/\/www.ceacaminhodaluz.org.br\/index.php\/wp-json\/wp\/v2\/media?parent=78"}],"curies":[{"name":"wp","href":"https:\/\/api.w.org\/{rel}","templated":true}]}}