{"id":75,"date":"2016-11-02T17:18:26","date_gmt":"2016-11-02T19:18:26","guid":{"rendered":"http:\/\/www.ceacaminhodaluz.org.br\/?page_id=75"},"modified":"2023-02-01T13:52:40","modified_gmt":"2023-02-01T16:52:40","slug":"obras-basicas","status":"publish","type":"page","link":"https:\/\/www.ceacaminhodaluz.org.br\/index.php\/obras-basicas\/","title":{"rendered":"Obras b\u00e1sicas"},"content":{"rendered":"\n<div class=\"row\" xmlns=\"https:\/\/www.w3.org\/1999\/html\">\n\n    <div class=\"col-xs-12 col-sm-8 col-md-8\"><!-- COLUNA 1 - POST -->\n\n            <div class=\"content\" style=\"margin:5px;\">\n\n                \n            <article id=\"post-2396\" class=\"post-2396 post type-post status-publish format-standard has-post-thumbnail hentry category-downloads-divulgacao\">\n                <div class=\"panel panel-heading panel-default\">\n                   \n                    <h3>Obras de Allan Kardec<\/h3>\n                <\/div>\n\n                <div class=\"panel panel-body panel-default\">\n\n                    <p>Livros de Kardec que a FEB Editora traz a voc\u00ea, prezado leitor. Acesse, leia e divulgue!<\/p>\n<p>&nbsp;<\/p>\n<p><a href=\"http:\/\/www.febnet.org.br\/wp-content\/uploads\/2014\/05\/O-evangelho-segundo-o-espiritismo.pdf\" target=\"_blank\" rel=\"noopener noreferrer\"><img loading=\"lazy\" decoding=\"async\" class=\"aligncenter wp-image-21376 size-medium\" style=\"border: 0px;\" src=\"http:\/\/www.febnet.org.br\/wp-content\/uploads\/2012\/07\/Oevangelio-segundo-o-espiritismo-171x240.jpg\" alt=\"\" width=\"171\" height=\"240\" srcset=\"https:\/\/www.febnet.org.br\/wp-content\/uploads\/2012\/07\/Oevangelio-segundo-o-espiritismo-171x240.jpg 171w, https:\/\/www.febnet.org.br\/wp-content\/uploads\/2012\/07\/Oevangelio-segundo-o-espiritismo.jpg 580w\" sizes=\"auto, (max-width: 171px) 100vw, 171px\"><\/a><\/p>\n<p style=\"text-align: justify;\">\u201cO Evangelho segundo o Espiritismo\u201d \u00e9 um dos cinco livros que constituem o corpo doutrin\u00e1rio do Espiritismo. \u201cO Evangelho segundo o Espiritismo\u201d \u00e9 o ensino moral do Cristo Jesus para os crist\u00e3os de qualquer cren\u00e7a, desenvolvido pelos Esp\u00edritos de Luz em comunica\u00e7\u00f5es medi\u00fanicas recolhidas, organizadas, comentadas e trazidas a p\u00fablico pelo Codificador Allan Kardec. Se o leitor \u00e9 crist\u00e3o, leia com aplica\u00e7\u00e3o o ensino moral do Mestre Jesus para a Humanidade sofredora e d\u00ea-se conta de conte\u00fados que talvez nunca antes tenha percebido, ou compreendido plenamente. Se n\u00e3o \u00e9 crist\u00e3o, mas um esp\u00edrito indagador, leia com respeito a orienta\u00e7\u00e3o desse Esp\u00edrito divino, dada h\u00e1 dois mil anos e sempre atual, em seu car\u00e1ter educativo, motivador e consolador.<\/p>\n<p style=\"text-align: center;\"><a href=\"http:\/\/www.febnet.org.br\/wp-content\/uploads\/2014\/05\/Livro-dos-Espiritos.pdf\" target=\"_blank\" rel=\"noopener noreferrer\"><img loading=\"lazy\" decoding=\"async\" class=\"aligncenter wp-image-21388 size-medium\" style=\"border: 0px;\" src=\"http:\/\/www.febnet.org.br\/wp-content\/uploads\/2012\/07\/Olivro-espiritos1-175x240.jpg\" alt=\"\" width=\"175\" height=\"240\" srcset=\"https:\/\/www.febnet.org.br\/wp-content\/uploads\/2012\/07\/Olivro-espiritos1-175x240.jpg 175w, https:\/\/www.febnet.org.br\/wp-content\/uploads\/2012\/07\/Olivro-espiritos1.jpg 589w\" sizes=\"auto, (max-width: 175px) 100vw, 175px\"><\/a><\/p>\n<p style=\"text-align: justify;\">Dos cinco livros fundamentais que comp\u00f5em a Codifica\u00e7\u00e3o do Espiritismo, este foi o primeiro, reunindo os ensinos dos Esp\u00edritos Superiores atrav\u00e9s de m\u00e9diuns de v\u00e1rias partes do Mundo. Ele \u00e9 o marco inicial de uma Doutrina que trouxe uma profunda repercuss\u00e3o no pensamento e na vis\u00e3o de vida de consider\u00e1vel parcela da Humanidade, desde 1857, data da primeira edi\u00e7\u00e3o francesa. Estruturado em quatro partes e contendo 1.019 perguntas formuladas pelo Codificador, aborda os ensinamentos esp\u00edritas, de uma forma l\u00f3gica e racional, sob os aspectos cient\u00edfico, filos\u00f3fico e religioso. Independentemente de cren\u00e7a ou convic\u00e7\u00e3o religiosa, a leitura de \u201cO Livro dos Esp\u00edritos\u201d ser\u00e1 de imenso valor para todos, porque trata de Deus, da imortalidade da alma, da natureza dos Esp\u00edritos, de suas rela\u00e7\u00f5es com os homens, das leis morais, da vida presente, da vida futura e do porvir da Humanidade, assuntos de interesse geral e de grande atualidade.<\/p>\n<p style=\"text-align: center;\"><a href=\"http:\/\/www.febnet.org.br\/wp-content\/uploads\/2014\/05\/Livro-dos-Mediuns_Guillon.pdf\" target=\"_blank\" rel=\"noopener noreferrer\"><img loading=\"lazy\" decoding=\"async\" class=\"aligncenter wp-image-21391 size-medium\" style=\"border: 0px;\" src=\"http:\/\/www.febnet.org.br\/wp-content\/uploads\/2012\/07\/O-livro-dos-mediuns-176x240.jpg\" alt=\"\" width=\"176\" height=\"240\" srcset=\"https:\/\/www.febnet.org.br\/wp-content\/uploads\/2012\/07\/O-livro-dos-mediuns-176x240.jpg 176w, https:\/\/www.febnet.org.br\/wp-content\/uploads\/2012\/07\/O-livro-dos-mediuns.jpg 591w\" sizes=\"auto, (max-width: 176px) 100vw, 176px\"><\/a><\/p>\n<p style=\"text-align: justify;\">\u201cO Livro dos M\u00e9diuns\u201d \u00e9 uma das cinco obras que constituem a Codifica\u00e7\u00e3o da Doutrina Esp\u00edrita. Re\u00fane \u201co ensino especial dos Esp\u00edritos sobre a teoria de todos os g\u00eaneros de manifesta\u00e7\u00f5es, os meios de comunica\u00e7\u00e3o com o mundo invis\u00edvel, o desenvolvimento da mediunidade, as dificuldades e os trope\u00e7os que se podem encontrar na pr\u00e1tica do Espiritismo\u201d. Apresenta ainda, na parte final, precioso vocabul\u00e1rio b\u00e1sico esp\u00edrita. De leitura e consulta indispens\u00e1vel para os esp\u00edritas, ser\u00e1 sempre uma preciosa fonte de conhecimento tamb\u00e9m para qualquer pessoa indagadora e atenta ao fen\u00f4meno medi\u00fanico, que se manifesta crescentemente no mundo inteiro, dentro ou fora das atividades esp\u00edritas. Sendo os homens parte integrante do interc\u00e2mbio entre os dois planos da vida o material e o espiritual, o melhor \u00e9 que conhe\u00e7amos, e bem, os mecanismos desse relacionamento. \u201cO Livro dos M\u00e9diuns\u201d \u00e9 o manual mais seguro para todos os que se dedicam \u00e0s atividades de comunica\u00e7\u00e3o com o Mundo Espiritual.<\/p>\n<p style=\"text-align: center;\"><a href=\"http:\/\/www.febnet.org.br\/wp-content\/uploads\/2014\/05\/ceu-e-inferno-Manuel-Quintao.pdf\" target=\"_blank\" rel=\"noopener noreferrer\"><img loading=\"lazy\" decoding=\"async\" class=\"aligncenter wp-image-21393 size-medium\" style=\"border: 0px;\" src=\"http:\/\/www.febnet.org.br\/wp-content\/uploads\/2012\/07\/Oceueoinferno-179x240.jpg\" alt=\"\" width=\"179\" height=\"240\" srcset=\"https:\/\/www.febnet.org.br\/wp-content\/uploads\/2012\/07\/Oceueoinferno-179x240.jpg 179w, https:\/\/www.febnet.org.br\/wp-content\/uploads\/2012\/07\/Oceueoinferno.jpg 601w\" sizes=\"auto, (max-width: 179px) 100vw, 179px\"><\/a><\/p>\n<p style=\"text-align: justify;\">Esta \u00e9 uma das cinco obras b\u00e1sicas que comp\u00f5em a Codifica\u00e7\u00e3o do Espiritismo. Seu principal escopo \u00e9 explicar a Justi\u00e7a de Deus \u00e0 luz da Doutrina Esp\u00edrita. Objetiva demonstrar a imortalidade do Esp\u00edrito e a condi\u00e7\u00e3o que ele usufruir\u00e1 no Mundo Espiritual, como conseq\u00fc\u00eancia de seus pr\u00f3prios atos. Divide-se em duas partes: A primeira, estabelece um exame comparado das doutrinas religiosas sobre a vida ap\u00f3s a morte. Mostra fatos como a morte de crian\u00e7as, seres nascidos com deforma\u00e7\u00f5es, acidentes coletivos e uma gama de problemas que s\u00f3 a imortalidade da alma e a reencarna\u00e7\u00e3o explicam satisfatoriamente. Kardec procura elucidar temas como: anjos, c\u00e9u, dem\u00f4nios, inferno, penas eternas, purgat\u00f3rio, temor da morte, a proibi\u00e7\u00e3o mosaica sobre a evoca\u00e7\u00e3o dos mortos, etc. Apresenta, tamb\u00e9m, a explica\u00e7\u00e3o esp\u00edrita contr\u00e1ria \u00e0 doutrina das penas eternas. A segunda parte, resultante de um trabalho pr\u00e1tico, re\u00fane exemplos acerca da situa\u00e7\u00e3o da alma durante e ap\u00f3s a desencarna\u00e7\u00e3o. S\u00e3o depoimentos de criminosos arrependidos, de esp\u00edritos endurecidos, de esp\u00edritos felizes, medianos, sofredores, suicidas e em expia\u00e7\u00e3o terrestre. Livros da Codifica\u00e7\u00e3o Esp\u00edrita: O Livro dos Esp\u00edritos, 1857; O Livro dos M\u00e9diuns, 1861; O Evangelho segundo o Espiritismo, 1864; O C\u00e9u e o Inferno, 1865; A G\u00eanese, 1868.<\/p>\n<p style=\"text-align: center;\"><a href=\"http:\/\/www.febnet.org.br\/wp-content\/uploads\/2012\/07\/A-genese_Guillon.pdf\" target=\"_blank\" rel=\"noopener noreferrer\"><img loading=\"lazy\" decoding=\"async\" class=\"aligncenter wp-image-21395 size-medium\" style=\"border: 0px;\" src=\"http:\/\/www.febnet.org.br\/wp-content\/uploads\/2012\/07\/Agenese-173x240.jpg\" alt=\"\" width=\"173\" height=\"240\" srcset=\"https:\/\/www.febnet.org.br\/wp-content\/uploads\/2012\/07\/Agenese-173x240.jpg 173w, https:\/\/www.febnet.org.br\/wp-content\/uploads\/2012\/07\/Agenese.jpg 589w\" sizes=\"auto, (max-width: 173px) 100vw, 173px\"><\/a><\/p>\n<p style=\"text-align: justify;\">\u00c9 uma das cinco obras b\u00e1sicas da Codifica\u00e7\u00e3o do Espiritismo. \u00c9 um livro que, conhecido e estudado, proporciona uma oportunidade excepcional de imers\u00e3o em grandes temas de interesse universal, abordados de forma l\u00f3gica, racional e reveladora. Divide-se em tr\u00eas partes: Na primeira parte, analisa a origem do planeta Terra, de forma coerente, fugindo \u00e0s interpreta\u00e7\u00f5es misteriosas e m\u00e1gicas sobre a cria\u00e7\u00e3o do mundo; Em sua segunda parte, aborda a quest\u00e3o dos milagres, explicando a natureza dos fluidos e os fatos extraordin\u00e1rios contidos no Evangelho; Na terceira parte enfoca as predi\u00e7\u00f5es do Evangelho, os sinais dos tempos e a gera\u00e7\u00e3o nova, que marcar\u00e1 um novo tempo no Mundo com a pr\u00e1tica da justi\u00e7a, da paz e da fraternidade. Os assuntos apresentados nos dezoito cap\u00edtulos desta obra t\u00eam como base a imutabilidade das grandiosas Leis Divinas.<\/p>\n<p style=\"text-align: justify;\"><strong>Obras que complementam o Pentateuco da Doutrina Esp\u00edrita<\/strong><\/p>\n<p style=\"text-align: center;\"><a href=\"http:\/\/www.febnet.org.br\/wp-content\/uploads\/2012\/07\/139.pdf\" target=\"_blank\" rel=\"noopener noreferrer\"><img loading=\"lazy\" decoding=\"async\" class=\"aligncenter size-medium wp-image-2410\" style=\"border: 0px;\" src=\"http:\/\/www.febnet.org.br\/wp-content\/uploads\/2012\/07\/obraspostumas-159x240.jpg\" alt=\"\" width=\"159\" height=\"240\" srcset=\"https:\/\/www.febnet.org.br\/wp-content\/uploads\/2012\/07\/obraspostumas-159x240.jpg 159w, https:\/\/www.febnet.org.br\/wp-content\/uploads\/2012\/07\/obraspostumas.jpg 426w\" sizes=\"auto, (max-width: 159px) 100vw, 159px\"><\/a><\/p>\n<p style=\"text-align: justify;\">Obra publicada ap\u00f3s a desencarna\u00e7\u00e3o de Allan Kardec, apresenta, no come\u00e7o, bem escrita biografia do Codificador, seguida do discurso que Camille Flammarion pronunciou quando do seu sepultamento. Reunindo importantes registros deixados por Allan Kardec, acerca de pontos doutrin\u00e1rios e fundamenta\u00e7\u00e3o do Espiritismo, divide-se este trabalho em duas grandes partes. A primeira aborda assuntos como: car\u00e1ter e conseq\u00fc\u00eancias religiosas das manifesta\u00e7\u00f5es dos Esp\u00edritos; as cinco alternativas da Humanidade; quest\u00f5es e problemas; as expia\u00e7\u00f5es coletivas; liberdade, igualdade, fraternidade; m\u00fasica esp\u00edrita; a morte espiritual; a vida futura A segunda inclui apontamentos em torno da inicia\u00e7\u00e3o esp\u00edrita e o roteiro mission\u00e1rio de Kardec, assim como uma \u201cexposi\u00e7\u00e3o de motivos\u201d, apresentada na \u201cConstitui\u00e7\u00e3o do Espiritismo\u201d, como precioso legado do mestre lion\u00eas \u00e0s sociedades esp\u00edritas do futuro.<\/p>\n<p style=\"text-align: center;\"><a href=\"http:\/\/www.febnet.org.br\/wp-content\/uploads\/2014\/05\/o-que-e-o-espiritismo.pdf\" target=\"_blank\" rel=\"noopener noreferrer\"><img loading=\"lazy\" decoding=\"async\" class=\"aligncenter size-medium wp-image-2411\" style=\"border: 0px;\" src=\"http:\/\/www.febnet.org.br\/wp-content\/uploads\/2014\/05\/Capa-Oque-e-o-espiritismo.png\" alt=\"\" width=\"159\" height=\"240\"><\/a><\/p>\n<p style=\"text-align: justify;\">Obra sempre atual, \u00fatil aos adeptos da Doutrina Esp\u00edrita, como tamb\u00e9m \u00e0queles que desejam conhecer a natureza do Espiritismo e a defini\u00e7\u00e3o de seus pontos fundamentais. A l\u00f3gica e o bom senso de Allan Kardec a\u00ed se evidenciam, desconcertando os negativistas e clareando as indaga\u00e7\u00f5es dos que acreditam e aspiram \u00e0 vida superior. Divide-se em 3 cap\u00edtulos: O primeiro, sob a forma de di\u00e1logos com um cr\u00edtico, um c\u00e9ptico e um padre, traz respostas \u00e0queles que desconhecem os princ\u00edpios b\u00e1sicos da Doutrina, bem como apropriadas refuta\u00e7\u00f5es aos seus contraditores. O segundo cap\u00edtulo, exp\u00f5e partes da ci\u00eancia pr\u00e1tica e experimental, caracterizando-se como um resumo de O Livro dos M\u00e9diuns. No terceiro cap\u00edtulo, \u00e9 publicado o resumo de O Livro dos Esp\u00edritos, com a solu\u00e7\u00e3o, apontada pela Doutrina Esp\u00edrita, de problemas de ordem psicol\u00f3gica, moral e filos\u00f3fica. Cont\u00e9m tamb\u00e9m a biografia de Allan Kardec, por Henri Sausse.<\/p>\n<\/div><\/div><\/div>\n","protected":false},"excerpt":{"rendered":"<p>Obras de Allan Kardec Livros de Kardec que a FEB Editora traz a voc\u00ea, prezado leitor. Acesse, leia e divulgue! &nbsp; \u201cO Evangelho segundo o Espiritismo\u201d \u00e9 um dos cinco livros que constituem o corpo doutrin\u00e1rio do Espiritismo. \u201cO Evangelho segundo o Espiritismo\u201d \u00e9 o ensino moral do Cristo Jesus para os crist\u00e3os de qualquer [&hellip;]<\/p>\n","protected":false},"author":1,"featured_media":0,"parent":0,"menu_order":0,"comment_status":"closed","ping_status":"closed","template":"","meta":{"footnotes":""},"class_list":["post-75","page","type-page","status-publish","hentry"],"_links":{"self":[{"href":"https:\/\/www.ceacaminhodaluz.org.br\/index.php\/wp-json\/wp\/v2\/pages\/75","targetHints":{"allow":["GET"]}}],"collection":[{"href":"https:\/\/www.ceacaminhodaluz.org.br\/index.php\/wp-json\/wp\/v2\/pages"}],"about":[{"href":"https:\/\/www.ceacaminhodaluz.org.br\/index.php\/wp-json\/wp\/v2\/types\/page"}],"author":[{"embeddable":true,"href":"https:\/\/www.ceacaminhodaluz.org.br\/index.php\/wp-json\/wp\/v2\/users\/1"}],"replies":[{"embeddable":true,"href":"https:\/\/www.ceacaminhodaluz.org.br\/index.php\/wp-json\/wp\/v2\/comments?post=75"}],"version-history":[{"count":16,"href":"https:\/\/www.ceacaminhodaluz.org.br\/index.php\/wp-json\/wp\/v2\/pages\/75\/revisions"}],"predecessor-version":[{"id":693,"href":"https:\/\/www.ceacaminhodaluz.org.br\/index.php\/wp-json\/wp\/v2\/pages\/75\/revisions\/693"}],"wp:attachment":[{"href":"https:\/\/www.ceacaminhodaluz.org.br\/index.php\/wp-json\/wp\/v2\/media?parent=75"}],"curies":[{"name":"wp","href":"https:\/\/api.w.org\/{rel}","templated":true}]}}