{"id":38,"date":"2016-11-02T00:27:43","date_gmt":"2016-11-02T02:27:43","guid":{"rendered":"http:\/\/www.ceacaminhodaluz.org.br\/?page_id=38"},"modified":"2026-04-11T14:45:35","modified_gmt":"2026-04-11T17:45:35","slug":"programacao","status":"publish","type":"page","link":"https:\/\/www.ceacaminhodaluz.org.br\/index.php\/programacao\/","title":{"rendered":""},"content":{"rendered":"\r\n<h2 style=\"text-align: left;\"><b>PALESTRAS P\u00daBLICAS PRESENCIAIS<\/b><\/h2>\r\n<p>\r\n<br>Segunda, Ter\u00e7a, Quarta, Quinta e Sexta-feira | 20h\r\n<br>Quarta-feira | 08h\r\n<\/p>\r\n<p>Observa\u00e7\u00f5es:\r\n<br>\u00bb Caso esteja com sintomas de gripe ou Covid, use m\u00e1scara protetora, evite aglomera\u00e7\u00f5es e prefira assistir a palestra pelo nosso canal no YouTube &#8211; <a href=\"https:\/\/www.youtube.com\/channel\/UCu6ytjz8bNiDerOMgnVcf2w\/\" border=\"0\" target=\"_blank\" rel=\"noopener noreferrer\">https:\/\/www.youtube.com\/@ceacaminhodaluzvr<\/a>.\r\n<\/p>\r\n\r\n<!--p><a href=\"https:\/\/www.youtube.com\/channel\/UCu6ytjz8bNiDerOMgnVcf2w\/\" border=\"0\" target=\"_blank\" rel=\"noopener noreferrer\"><img loading=\"lazy\" decoding=\"async\" class=\"\" src=\"https:\/\/s2.glbimg.com\/scH7Qyc2lqhX-q9WlQ8h046dewY=\/850x446\/s2.glbimg.com\/jX-wnYSXv2hdqWmti7tbALf3gYA=\/0x182:1280x761\/695x314\/s.glbimg.com\/po\/tt2\/f\/original\/2015\/08\/26\/youtubelogo-1.png\" width=\"237\" height=\"124\"><\/a>\r\n<\/p-->\r\n<p><img decoding=\"async\" src=\"https:\/\/www.ceacaminhodaluz.org.br\/wp-content\/uploads\/2026\/04\/grade0426.jpg\" width=\"55%\" height=\"55%\" border=\"0\"><\/p>\r\n\r\n<p>\u00bb Se inscreva no nosso Canal e o compartilhe:<br><\/p>\r\n<p>\u00bb Siga-nos no Instagram:<br><a href=\"https:\/\/www.instagram.com\/acaminhodaluzvr\/\" border=\"0\" target=\"_blank\" rel=\"noopener\">https:\/\/www.instagram.com\/acaminhodaluzvr\/<\/a><\/p>\r\n<p>\u00bb Curta a nossa P\u00e1gina no Facebook:<br><a href=\"https:\/\/web.facebook.com\/ceacaminhodaluzvr\" border=\"0\" target=\"_blank\" rel=\"noopener\">https:\/\/web.facebook.com\/ceacaminhodaluzvr<\/a><\/p>\r\n<p>\u00bb Ou\u00e7a nossas palestras pelo Spotfy:<br><a href=\"https:\/\/spoti.fi\/3NFEXjv\" border=\"0\" target=\"_blank\" rel=\"noopener\">https:\/\/spoti.fi\/3NFEXjv<\/a><\/p>\r\n\r\n\r\n\r\n<p><\/p>\r\n","protected":false},"excerpt":{"rendered":"<p>PALESTRAS P\u00daBLICAS PRESENCIAIS Segunda, Ter\u00e7a, Quarta, Quinta e Sexta-feira | 20h Quarta-feira | 08h Observa\u00e7\u00f5es: \u00bb Caso esteja com sintomas de gripe ou Covid, use m\u00e1scara protetora, evite aglomera\u00e7\u00f5es e prefira assistir a palestra pelo nosso canal no YouTube &#8211; https:\/\/www.youtube.com\/@ceacaminhodaluzvr. \u00bb Se inscreva no nosso Canal e o compartilhe: \u00bb Siga-nos no Instagram:https:\/\/www.instagram.com\/acaminhodaluzvr\/ \u00bb [&hellip;]<\/p>\n","protected":false},"author":1,"featured_media":0,"parent":0,"menu_order":0,"comment_status":"closed","ping_status":"closed","template":"","meta":{"footnotes":""},"class_list":["post-38","page","type-page","status-publish","hentry"],"_links":{"self":[{"href":"https:\/\/www.ceacaminhodaluz.org.br\/index.php\/wp-json\/wp\/v2\/pages\/38","targetHints":{"allow":["GET"]}}],"collection":[{"href":"https:\/\/www.ceacaminhodaluz.org.br\/index.php\/wp-json\/wp\/v2\/pages"}],"about":[{"href":"https:\/\/www.ceacaminhodaluz.org.br\/index.php\/wp-json\/wp\/v2\/types\/page"}],"author":[{"embeddable":true,"href":"https:\/\/www.ceacaminhodaluz.org.br\/index.php\/wp-json\/wp\/v2\/users\/1"}],"replies":[{"embeddable":true,"href":"https:\/\/www.ceacaminhodaluz.org.br\/index.php\/wp-json\/wp\/v2\/comments?post=38"}],"version-history":[{"count":143,"href":"https:\/\/www.ceacaminhodaluz.org.br\/index.php\/wp-json\/wp\/v2\/pages\/38\/revisions"}],"predecessor-version":[{"id":1035,"href":"https:\/\/www.ceacaminhodaluz.org.br\/index.php\/wp-json\/wp\/v2\/pages\/38\/revisions\/1035"}],"wp:attachment":[{"href":"https:\/\/www.ceacaminhodaluz.org.br\/index.php\/wp-json\/wp\/v2\/media?parent=38"}],"curies":[{"name":"wp","href":"https:\/\/api.w.org\/{rel}","templated":true}]}}