{"id":361,"date":"2018-06-12T17:47:37","date_gmt":"2018-06-12T20:47:37","guid":{"rendered":"http:\/\/www.ceacaminhodaluz.org.br\/?page_id=361"},"modified":"2026-04-11T14:43:16","modified_gmt":"2026-04-11T17:43:16","slug":"jornal","status":"publish","type":"page","link":"https:\/\/www.ceacaminhodaluz.org.br\/index.php\/jornal\/","title":{"rendered":"Jornal"},"content":{"rendered":"\r\n<figure class=\"wp-block-gallery has-nested-images columns-default is-cropped wp-block-gallery-1 is-layout-flex wp-block-gallery-is-layout-flex\"><\/figure>\r\n\r\n\r\n\r\n<p>Aqui voc\u00ea pode ler nosso informativo na integra e ainda acessar edi\u00e7\u00f5es anteriores:<\/p>\r\n<table border=\"0\">\r\n\r\n<tr>\r\n<td><strong>2026<\/strong><\/td>\r\n<\/tr>\r\n\r\n\r\n<tr>\r\n<td><a href=\"https:\/\/www.ceacaminhodaluz.org.br\/wp-content\/uploads\/2026\/04\/jornal0426.pdf\" target=\"_blank\" rel=\"noopener noreferrer\">Abril<\/a><\/td>\r\n<\/tr>\r\n<tr>\r\n<td><a href=\"https:\/\/www.ceacaminhodaluz.org.br\/wp-content\/uploads\/2026\/03\/jornal_marco26.pdf\" target=\"_blank\" rel=\"noopener noreferrer\">Mar\u00e7o<\/a><\/td>\r\n<\/tr>\r\n\r\n<tr>\r\n<td><a href=\"https:\/\/www.ceacaminhodaluz.org.br\/wp-content\/uploads\/2026\/02\/jornal_0226.pdf\" target=\"_blank\" rel=\"noopener noreferrer\">Fevereiro<\/a><\/td>\r\n<\/tr>\r\n<tr>\r\n<td><a href=\"https:\/\/www.ceacaminhodaluz.org.br\/wp-content\/uploads\/2026\/01\/jornal_0126.pdf\" target=\"_blank\" rel=\"noopener noreferrer\">Janeiro<\/a><\/td>\r\n<\/tr>\r\n<tr>\r\n<td><strong>2025<\/strong><\/td>\r\n<\/tr>\r\n<tr>\r\n<td><a href=\"https:\/\/www.ceacaminhodaluz.org.br\/wp-content\/uploads\/2026\/01\/jornal_1225.pdf\" target=\"_blank\" rel=\"noopener noreferrer\">Dezembro<\/a><\/td>\r\n<\/tr>\r\n<tr>\r\n<td><a href=\"https:\/\/www.ceacaminhodaluz.org.br\/wp-content\/uploads\/2025\/11\/jornal112025.pdf\" target=\"_blank\" rel=\"noopener noreferrer\">Novembro<\/a><\/td>\r\n<\/tr>\r\n<tr>\r\n<td><a href=\"https:\/\/www.ceacaminhodaluz.org.br\/wp-content\/uploads\/2025\/10\/jornal102025.pdf\" target=\"_blank\" rel=\"noopener noreferrer\">Outubro<\/a><\/td>\r\n<\/tr>\r\n<tr>\r\n<td><a href=\"https:\/\/www.ceacaminhodaluz.org.br\/wp-content\/uploads\/2025\/09\/jornal092025.pdf\" target=\"_blank\" rel=\"noopener noreferrer\">Setembro<\/a><\/td>\r\n<\/tr>\r\n<tr>\r\n<td><a href=\"https:\/\/www.ceacaminhodaluz.org.br\/wp-content\/uploads\/2025\/08\/jornal082025.pdf\" target=\"_blank\" rel=\"noopener noreferrer\">Agosto<\/a><\/td>\r\n<\/tr>\r\n<tr>\r\n<td><a href=\"https:\/\/www.ceacaminhodaluz.org.br\/wp-content\/uploads\/2025\/07\/jornal072025.pdf\" target=\"_blank\" rel=\"noopener noreferrer\">Julho<\/a><\/td>\r\n<\/tr>\r\n\r\n<tr>\r\n<td><a href=\"https:\/\/www.ceacaminhodaluz.org.br\/wp-content\/uploads\/2025\/07\/jornal062025.pdf\" target=\"_blank\" rel=\"noopener noreferrer\">Junho<\/a><\/td>\r\n<\/tr>\r\n\r\n\r\n<tr>\r\n<td><a href=\"https:\/\/www.ceacaminhodaluz.org.br\/wp-content\/uploads\/2025\/05\/jornal_0525.pdf\" target=\"_blank\" rel=\"noopener noreferrer\">Maio<\/a><\/td>\r\n<\/tr>\r\n\r\n<tr>\r\n<td><a href=\"https:\/\/www.ceacaminhodaluz.org.br\/wp-content\/uploads\/2025\/04\/jornal042025.pdf\" target=\"_blank\" rel=\"noopener noreferrer\">Abril<\/a><\/td>\r\n<\/tr>\r\n\r\n<tr>\r\n<td><a href=\"https:\/\/www.ceacaminhodaluz.org.br\/wp-content\/uploads\/2025\/03\/jornal_0325.pdf\" target=\"_blank\" rel=\"noopener noreferrer\">Mar\u00e7o<\/a><\/td>\r\n<\/tr>\r\n<tr>\r\n<td><a href=\"https:\/\/www.ceacaminhodaluz.org.br\/wp-content\/uploads\/2025\/02\/jornal_0225.pdf\" target=\"_blank\" rel=\"noopener noreferrer\">Fevereiro<\/a><\/td>\r\n<\/tr>\r\n\r\n<tr>\r\n<td><a href=\"https:\/\/www.ceacaminhodaluz.org.br\/wp-content\/uploads\/2025\/01\/jornal_0125.pdf\" target=\"_blank\" rel=\"noopener noreferrer\">Janeiro<\/a><\/td>\r\n<\/tr>\r\n\r\n\r\n<tr>\r\n<td><strong>2024<\/strong><\/td>\r\n<\/tr>\r\n<tr>\r\n<td><a href=\"https:\/\/www.ceacaminhodaluz.org.br\/wp-content\/uploads\/2024\/10\/grade1024.pdf\" target=\"_blank\" rel=\"noopener noreferrer\">Outubro<\/a><\/td>\r\n<\/tr>\r\n<tr>\r\n<td><a href=\"https:\/\/www.ceacaminhodaluz.org.br\/wp-content\/uploads\/2024\/09\/jornal092024.pdf\" target=\"_blank\" rel=\"noopener noreferrer\">Setembro<\/a><\/td>\r\n<\/tr>\r\n\r\n<tr>\r\n<td><a href=\"https:\/\/www.ceacaminhodaluz.org.br\/wp-content\/uploads\/2024\/08\/jornal_0824.pdf\" target=\"_blank\" rel=\"noopener noreferrer\">Agosto<\/a><\/td>\r\n<\/tr>\r\n<tr>\r\n<td><a href=\"https:\/\/www.ceacaminhodaluz.org.br\/wp-content\/uploads\/2024\/07\/jornal_0724.pdf\" target=\"_blank\" rel=\"noopener noreferrer\">Julho<\/a><\/td>\r\n<\/tr>\r\n\r\n<tr>\r\n<td><a href=\"https:\/\/www.ceacaminhodaluz.org.br\/wp-content\/uploads\/2024\/06\/jornal_0624.pdf\" target=\"_blank\" rel=\"noopener noreferrer\">Junho<\/a><\/td>\r\n<\/tr>\r\n\r\n<tr>\r\n<td><a href=\"https:\/\/www.ceacaminhodaluz.org.br\/wp-content\/uploads\/2024\/05\/jornal_0524.pdf\" target=\"_blank\" rel=\"noopener noreferrer\">Maio<\/a><\/td>\r\n<\/tr>\r\n\r\n<tr>\r\n<td><a href=\"https:\/\/www.ceacaminhodaluz.org.br\/wp-content\/uploads\/2024\/04\/jornal_0424.pdf\" target=\"_blank\" rel=\"noopener noreferrer\">Abril<\/a><\/td>\r\n<\/tr>\r\n\r\n<tr>\r\n<td><a href=\"https:\/\/www.ceacaminhodaluz.org.br\/wp-content\/uploads\/2024\/03\/jornal_0324.pdf\" target=\"_blank\" rel=\"noopener noreferrer\">Mar\u00e7o<\/a><\/td>\r\n<\/tr>\r\n\r\n<tr>\r\n<td><a href=\"https:\/\/www.ceacaminhodaluz.org.br\/wp-content\/uploads\/2024\/02\/jornal_0224.pdf\" target=\"_blank\" rel=\"noopener noreferrer\">Fevereiro<\/a><\/td>\r\n<\/tr>\r\n\r\n<tr>\r\n<td><a href=\"https:\/\/www.ceacaminhodaluz.org.br\/wp-content\/uploads\/2024\/01\/jornal0124.pdf\" target=\"_blank\" rel=\"noopener noreferrer\">Janeiro<\/a><\/td>\r\n<\/tr>\r\n\r\n<tr>\r\n<td><strong>2023<\/strong><\/td>\r\n<\/tr>\r\n<tr>\r\n<td><a href=\"https:\/\/www.ceacaminhodaluz.org.br\/wp-content\/uploads\/2023\/12\/jornal_1223.pdf\" target=\"_blank\" rel=\"noopener noreferrer\">Dezembro<\/a><\/td>\r\n<\/tr>\r\n\r\n<tr>\r\n<td><a href=\"https:\/\/www.ceacaminhodaluz.org.br\/wp-content\/uploads\/2023\/11\/jornal_1123.pdf\" target=\"_blank\" rel=\"noopener noreferrer\">Novembro<\/a><\/td>\r\n<\/tr>\r\n\r\n<tr>\r\n<td><a href=\"https:\/\/www.ceacaminhodaluz.org.br\/wp-content\/uploads\/2023\/10\/jornal_1023.pdf\" target=\"_blank\" rel=\"noopener noreferrer\">Outubro<\/a><\/td>\r\n<\/tr>\r\n\r\n<tr>\r\n<td><a href=\"https:\/\/www.ceacaminhodaluz.org.br\/wp-content\/uploads\/2023\/09\/jornal_0923.pdf\" target=\"_blank\" rel=\"noopener noreferrer\">Setembro<\/a><\/td>\r\n<\/tr>\r\n<tr>\r\n<td><a href=\"https:\/\/www.ceacaminhodaluz.org.br\/wp-content\/uploads\/2023\/08\/boletim_082023.pdf\" target=\"_blank\" rel=\"noopener noreferrer\">Agosto<\/a><\/td>\r\n<\/tr>\r\n\r\n<tr>\r\n<td><a href=\"https:\/\/www.ceacaminhodaluz.org.br\/wp-content\/uploads\/2023\/07\/boletimjulho23.pdf\" target=\"_blank\" rel=\"noopener noreferrer\">Julho<\/a><\/td>\r\n<\/tr>\r\n\r\n<tr><td><a href=\"https:\/\/www.ceacaminhodaluz.org.br\/wp-content\/uploads\/2023\/06\/boletim_062023.pdf\" target=\"_blank\" rel=\"noopener noreferrer\">Junho<\/a><\/td>\r\n<\/tr>\r\n<tr>\r\n<td><a href=\"https:\/\/www.ceacaminhodaluz.org.br\/wp-content\/uploads\/2023\/05\/Boletim052023.pdf\" target=\"_blank\" rel=\"noopener noreferrer\">Maio<\/a><\/td>\r\n<\/tr>\r\n<tr>\r\n<td><a href=\"https:\/\/www.ceacaminhodaluz.org.br\/wp-content\/uploads\/2023\/04\/Boletim042023.pdf\" target=\"_blank\" rel=\"noopener noreferrer\">Abril<\/a><\/td>\r\n<\/tr>\r\n<tr>\r\n<td><a href=\"https:\/\/www.ceacaminhodaluz.org.br\/wp-content\/uploads\/2023\/03\/Boletim032023.pdf\" target=\"_blank\" rel=\"noopener noreferrer\">Mar\u00e7o<\/a><\/td>\r\n<\/tr>\r\n\r\n<tr>\r\n<td><a href=\"https:\/\/www.ceacaminhodaluz.org.br\/wp-content\/uploads\/2023\/02\/jornal_022023.pdf\" target=\"_blank\" rel=\"noopener noreferrer\">Fevereiro<\/a><\/td>\r\n<\/tr>\r\n\r\n<tr>\r\n<td><a href=\"https:\/\/www.ceacaminhodaluz.org.br\/wp-content\/uploads\/2023\/01\/BoletimCEACLJaneiro23.pdf\" target=\"_blank\" rel=\"noopener noreferrer\">Janeiro<\/a><\/td>\r\n<\/tr>\r\n\r\n\r\n<tr>\r\n<td><strong>2022<\/strong><\/td>\r\n<\/tr>\r\n\r\n<tr>\r\n<td><a href=\"https:\/\/www.ceacaminhodaluz.org.br\/wp-content\/uploads\/2022\/12\/jornal_1222.pdf\" target=\"_blank\" rel=\"noopener noreferrer\">Dezembro<\/a><\/td>\r\n<\/tr>\r\n\r\n\r\n<tr>\r\n<td><a href=\"https:\/\/www.ceacaminhodaluz.org.br\/wp-content\/uploads\/2022\/10\/BoletimNov22.pdf\" target=\"_blank\" rel=\"noopener noreferrer\">Novembro<\/a><\/td>\r\n<\/tr>\r\n\r\n<tr>\r\n<td><a href=\"https:\/\/www.ceacaminhodaluz.org.br\/wp-content\/uploads\/2022\/10\/BoletimCEACLOutubro22.pdf\" target=\"_blank\" rel=\"noopener noreferrer\">Outubro<\/a><\/td>\r\n<\/tr>\r\n\r\n<tr>\r\n<td><a href=\"https:\/\/www.ceacaminhodaluz.org.br\/wp-content\/uploads\/2022\/09\/BoletimCEACLSetembro2022.pdf\" target=\"_blank\" rel=\"noopener noreferrer\">Setembro<\/a><\/td>\r\n<\/tr>\r\n\r\n<tr>\r\n<td><a href=\"https:\/\/www.ceacaminhodaluz.org.br\/wp-content\/uploads\/2022\/08\/BoletimCEACLAgosto2022.pdf\" target=\"_blank\" rel=\"noopener noreferrer\">Agosto<\/a><\/td>\r\n<\/tr>\r\n\r\n<tr>\r\n<td><a href=\"https:\/\/www.ceacaminhodaluz.org.br\/wp-content\/uploads\/2022\/07\/BoletimCEACLJulho22.pdf\" target=\"_blank\" rel=\"noopener noreferrer\">Julho<\/a><\/td>\r\n<\/tr>\r\n\r\n<tr>\r\n<td><a href=\"https:\/\/www.ceacaminhodaluz.org.br\/wp-content\/uploads\/2022\/06\/BoletimCEACLJunho.pdf\" target=\"_blank\" rel=\"noopener noreferrer\">Junho<\/a><\/td>\r\n<\/tr>\r\n<tr>\r\n<td><a href=\"https:\/\/www.ceacaminhodaluz.org.br\/wp-content\/uploads\/2022\/05\/boletim_052022.pdf\" target=\"_blank\" rel=\"noopener noreferrer\">Maio<\/a><\/td>\r\n<\/tr>\r\n\r\n<tr>\r\n<td><a href=\"https:\/\/www.ceacaminhodaluz.org.br\/wp-content\/uploads\/2022\/04\/Boletim_CEACL042022.pdf\" target=\"_blank\" rel=\"noopener noreferrer\">Abril<\/a><\/td>\r\n<\/tr>\r\n<tr>\r\n<td><a href=\"https:\/\/www.ceacaminhodaluz.org.br\/wp-content\/uploads\/2022\/03\/Boletim_0322.pdf\" target=\"_blank\" rel=\"noopener noreferrer\">Mar\u00e7o<\/a><\/td>\r\n<\/tr>\r\n\r\n<tr>\r\n<td><a href=\"https:\/\/www.ceacaminhodaluz.org.br\/wp-content\/uploads\/2022\/02\/fevereiro22.pdf\" target=\"_blank\" rel=\"noopener noreferrer\">Fevereiro<\/a><\/td>\r\n<\/tr>\r\n\r\n<tr>\r\n<td><strong>2021<\/strong><\/td>\r\n<\/tr>\r\n\r\n<tr>\r\n<td><strong>2020<\/strong><\/td>\r\n<\/tr>\r\n\r\n<tr>\r\n<td><a href=\"https:\/\/www.ceacaminhodaluz.org.br\/wp-content\/uploads\/2020\/03\/BI-CEACL-MAR\u00c7O-2020.pdf\" target=\"_blank\" rel=\"noopener noreferrer\">Mar\u00e7o<\/a><\/td>\r\n<\/tr>\r\n<tr>\r\n<td><a href=\"https:\/\/www.ceacaminhodaluz.org.br\/wp-content\/uploads\/2020\/02\/BI-Fevereiro-2020.pdf\" target=\"_blank\" rel=\"noopener noreferrer\">Fevereiro<\/a><\/td>\r\n<\/tr>\r\n<tr>\r\n<td><a href=\"https:\/\/www.ceacaminhodaluz.org.br\/wp-content\/uploads\/2020\/02\/BI-JANEIRO-PDF.pdf\" target=\"_blank\" rel=\"noopener noreferrer\">Janeiro<\/a><\/td>\r\n<\/tr>\r\n<\/tbody>\r\n<\/table>\r\n<\/td>\r\n<\/tr>\r\n<tr>\r\n<td>\r\n<table border=\"0\">\r\n<tbody>\r\n<tr>\r\n<td><strong>2019<\/strong><\/td>\r\n<\/tr>\r\n<tr>\r\n<td><a href=\"https:\/\/www.ceacaminhodaluz.org.br\/wp-content\/uploads\/2019\/12\/jornal_dez_19.pdf\" target=\"_blank\" rel=\"noopener noreferrer\">Dezembro<\/a><\/td>\r\n<\/tr>\r\n<tr>\r\n<td><a href=\"https:\/\/www.ceacaminhodaluz.org.br\/wp-content\/uploads\/2019\/11\/jornal_nov_2019.pdf\" target=\"_blank\" rel=\"noopener noreferrer\">Novembro<\/a><\/td>\r\n<\/tr>\r\n<tr>\r\n<td><a href=\"https:\/\/www.ceacaminhodaluz.org.br\/wp-content\/uploads\/2019\/10\/jornal_outubro_19.pdf\" target=\"_blank\" rel=\"noopener noreferrer\">Outubro<\/a><\/td>\r\n<\/tr>\r\n<tr>\r\n<td><a href=\"https:\/\/www.ceacaminhodaluz.org.br\/wp-content\/uploads\/2019\/09\/BI-CEACL-SET.pdf\" target=\"_blank\" rel=\"noopener noreferrer\">Setembro<\/a><\/td>\r\n<\/tr>\r\n<tr>\r\n<td><a href=\"https:\/\/www.ceacaminhodaluz.org.br\/wp-content\/uploads\/2019\/08\/JORNALAGOSTO19.pdf\" target=\"_blank\" rel=\"noopener noreferrer\">Agosto<\/a><\/td>\r\n<\/tr>\r\n<tr>\r\n<td><a href=\"https:\/\/www.ceacaminhodaluz.org.br\/wp-content\/uploads\/2019\/07\/JORNAL-CEACL-JUL-19.pdf\" target=\"_blank\" rel=\"noopener noreferrer\">Julho<\/a><\/td>\r\n<\/tr>\r\n<tr>\r\n<td><a href=\"https:\/\/www.ceacaminhodaluz.org.br\/wp-content\/uploads\/2019\/06\/JORNAL-CEACL-JUN-19.pdf\" target=\"_blank\" rel=\"noopener noreferrer\">Junho<\/a><\/td>\r\n<\/tr>\r\n<tr>\r\n<td><a href=\"https:\/\/www.ceacaminhodaluz.org.br\/wp-content\/uploads\/2019\/05\/BI-CEACL-maio2019.pdf\" target=\"_blank\" rel=\"noopener noreferrer\">Maio<\/a><\/td>\r\n<\/tr>\r\n<tr>\r\n<td><a href=\"https:\/\/www.ceacaminhodaluz.org.br\/wp-content\/uploads\/2019\/04\/BI-CEACL-abril2019.pdf\" target=\"_blank\" rel=\"noopener noreferrer\">Abril<\/a><\/td>\r\n<\/tr>\r\n<tr>\r\n<td><a href=\"https:\/\/www.ceacaminhodaluz.org.br\/wp-content\/uploads\/2019\/03\/BI-CEACL-mar\u00e7o2019.pdf\" target=\"_blank\" rel=\"noopener noreferrer\">Mar\u00e7o<\/a><\/td>\r\n<\/tr>\r\n<tr>\r\n<td><a href=\"https:\/\/www.ceacaminhodaluz.org.br\/wp-content\/uploads\/2019\/03\/jornalCEACL-fev2019.pdf\" target=\"_blank\" rel=\"noopener noreferrer\">Fevereiro<\/a><\/td>\r\n<\/tr>\r\n<tr>\r\n<td><a href=\"https:\/\/www.ceacaminhodaluz.org.br\/wp-content\/uploads\/2019\/01\/jornalCEACL-jan2019.pdf\" target=\"_blank\" rel=\"noopener noreferrer\">Janeiro<\/a><\/td>\r\n<\/tr>\r\n<\/tbody>\r\n<\/table>\r\n<\/td>\r\n<\/tr>\r\n<tr>\r\n<td>\r\n <table border=\"0\">\r\n<tbody>\r\n<tr>\r\n<td><strong>2018<\/strong><\/td>\r\n<\/tr>\r\n<tr>\r\n<td><a href=\"https:\/\/www.ceacaminhodaluz.org.br\/wp-content\/uploads\/2018\/12\/Jornal-CEACL-Dezembro2018.pdf\" target=\"_blank\" rel=\"noopener noreferrer\">Dezembro<\/a><\/td>\r\n<\/tr>\r\n<tr>\r\n<td><a href=\"https:\/\/www.ceacaminhodaluz.org.br\/wp-content\/uploads\/2018\/12\/jornalCEACL-Novembro2018.pdf\" target=\"_blank\" rel=\"noopener noreferrer\">Novembro<\/a><\/td>\r\n<\/tr>\r\n<tr>\r\n<td><a href=\"https:\/\/www.ceacaminhodaluz.org.br\/wp-content\/uploads\/2018\/10\/jornalCEACL-outubro2018.pdf\" target=\"_blank\" rel=\"noopener noreferrer\">Outubro<\/a><\/td>\r\n<\/tr>\r\n<tr>\r\n<td><a href=\"https:\/\/www.ceacaminhodaluz.org.br\/wp-content\/uploads\/2018\/09\/jornalCEACL-setembro2018.pdf\" target=\"_blank\" rel=\"noopener noreferrer\">Setembro<\/a><\/td>\r\n<\/tr>\r\n<tr>\r\n<td><a href=\"https:\/\/www.ceacaminhodaluz.org.br\/wp-content\/uploads\/2018\/08\/jornalCEACL-agosto2018.pdf\" target=\"_blank\" rel=\"noopener noreferrer\">Agosto<\/a><\/td>\r\n<\/tr>\r\n<tr>\r\n<td><a href=\"https:\/\/www.ceacaminhodaluz.org.br\/wp-content\/uploads\/2018\/06\/jornalCEACL-julho2018.pdf\" target=\"_blank\" rel=\"noopener noreferrer\">Julho<\/a><\/td>\r\n<\/tr>\r\n<tr>\r\n<td><a href=\"https:\/\/www.ceacaminhodaluz.org.br\/wp-content\/uploads\/2018\/06\/jornalCEACL-junho2018.pdf\" target=\"_blank\" rel=\"noopener noreferrer\">Junho<\/a><\/td>\r\n<\/tr>\r\n<tr>\r\n<td><a href=\"https:\/\/www.ceacaminhodaluz.org.br\/wp-content\/uploads\/2018\/06\/jornalCEACL-Maio2018.pdf\" target=\"_blank\" rel=\"noopener noreferrer\">Maio<\/a><\/td>\r\n<\/tr>\r\n<tr>\r\n<td><a href=\"https:\/\/www.ceacaminhodaluz.org.br\/wp-content\/uploads\/2018\/06\/jornalCEACL-abril2018.pdf\" target=\"_blank\" rel=\"noopener noreferrer\">Abril<\/a><\/td>\r\n<\/tr>\r\n<tr>\r\n<td><a href=\"https:\/\/www.ceacaminhodaluz.org.br\/wp-content\/uploads\/2018\/06\/jornalCEACL-mar2018.pdf\" target=\"_blank\" rel=\"noopener noreferrer\">Mar\u00e7o<\/a><\/td>\r\n<\/tr>\r\n<tr>\r\n<td><a href=\"https:\/\/www.ceacaminhodaluz.org.br\/wp-content\/uploads\/2018\/06\/jornalCEACL-fev2018.pdf\" target=\"_blank\" rel=\"noopener noreferrer\">Fevereiro<\/a><\/td>\r\n<\/tr>\r\n<tr>\r\n<td><a href=\"https:\/\/www.ceacaminhodaluz.org.br\/wp-content\/uploads\/2018\/06\/jornalCEACL-jan2018.pdf\" target=\"_blank\" rel=\"noopener noreferrer\">Janeiro<\/a><\/td>\r\n<\/tr>\r\n<\/tbody>\r\n<\/table>\r\n<\/td>\r\n<\/tr>\r\n<\/tbody><\/table>\r\n","protected":false},"excerpt":{"rendered":"<p>Aqui voc\u00ea pode ler nosso informativo na integra e ainda acessar edi\u00e7\u00f5es anteriores: 2026 Abril Mar\u00e7o Fevereiro Janeiro 2025 Dezembro Novembro Outubro Setembro Agosto Julho Junho Maio Abril Mar\u00e7o Fevereiro Janeiro 2024 Outubro Setembro Agosto Julho Junho Maio Abril Mar\u00e7o Fevereiro Janeiro 2023 Dezembro Novembro Outubro Setembro Agosto Julho Junho Maio Abril Mar\u00e7o Fevereiro Janeiro [&hellip;]<\/p>\n","protected":false},"author":1,"featured_media":0,"parent":0,"menu_order":0,"comment_status":"closed","ping_status":"closed","template":"","meta":{"footnotes":""},"class_list":["post-361","page","type-page","status-publish","hentry"],"_links":{"self":[{"href":"https:\/\/www.ceacaminhodaluz.org.br\/index.php\/wp-json\/wp\/v2\/pages\/361","targetHints":{"allow":["GET"]}}],"collection":[{"href":"https:\/\/www.ceacaminhodaluz.org.br\/index.php\/wp-json\/wp\/v2\/pages"}],"about":[{"href":"https:\/\/www.ceacaminhodaluz.org.br\/index.php\/wp-json\/wp\/v2\/types\/page"}],"author":[{"embeddable":true,"href":"https:\/\/www.ceacaminhodaluz.org.br\/index.php\/wp-json\/wp\/v2\/users\/1"}],"replies":[{"embeddable":true,"href":"https:\/\/www.ceacaminhodaluz.org.br\/index.php\/wp-json\/wp\/v2\/comments?post=361"}],"version-history":[{"count":90,"href":"https:\/\/www.ceacaminhodaluz.org.br\/index.php\/wp-json\/wp\/v2\/pages\/361\/revisions"}],"predecessor-version":[{"id":1031,"href":"https:\/\/www.ceacaminhodaluz.org.br\/index.php\/wp-json\/wp\/v2\/pages\/361\/revisions\/1031"}],"wp:attachment":[{"href":"https:\/\/www.ceacaminhodaluz.org.br\/index.php\/wp-json\/wp\/v2\/media?parent=361"}],"curies":[{"name":"wp","href":"https:\/\/api.w.org\/{rel}","templated":true}]}}