{"id":181,"date":"2016-11-20T19:22:54","date_gmt":"2016-11-20T21:22:54","guid":{"rendered":"http:\/\/www.ceacaminhodaluz.org.br\/?page_id=181"},"modified":"2026-01-18T10:33:06","modified_gmt":"2026-01-18T13:33:06","slug":"estudos-no-ceacl","status":"publish","type":"page","link":"https:\/\/www.ceacaminhodaluz.org.br\/index.php\/estudos-no-ceacl\/","title":{"rendered":"Estudos no CEACL"},"content":{"rendered":"<ul>\n<li class=\"m_8945914600717428600m-754724132722009324msolistparagraph\">Estudo Aprofundado da Mediunidade &#8211; Segunda-feira | 18h30<\/li>\n<li class=\"m_8945914600717428600m-754724132722009324msolistparagraph\">Estudo Aprofundado da Doutrina Esp\u00edrita &#8211; Quarta-feira | 19h45<\/li>\n<li class=\"m_8945914600717428600m-754724132722009324msolistparagraph\">Estudo Sistematizado &#8211; Quarta-feira | 19h45<\/li>\n<li class=\"m_8945914600717428600m-754724132722009324msolistparagraph\">Estudo das obras de Andr\u00e9 Luiz &#8211; Quarta-feira | 18h<\/li>\n<li>NEPE &#8211; Quarta-feira | 18h30<\/li>\n<li>Evangeliza\u00e7\u00e3o Infanto-juvenil e Grupo de pais &#8211; s\u00e1bado 15h30 \u00e0s 17h30<\/li>\n<\/ul>\n","protected":false},"excerpt":{"rendered":"<p>Estudo Aprofundado da Mediunidade &#8211; Segunda-feira | 18h30 Estudo Aprofundado da Doutrina Esp\u00edrita &#8211; Quarta-feira | 19h45 Estudo Sistematizado &#8211; Quarta-feira | 19h45 Estudo das obras de Andr\u00e9 Luiz &#8211; Quarta-feira | 18h NEPE &#8211; Quarta-feira | 18h30 Evangeliza\u00e7\u00e3o Infanto-juvenil e Grupo de pais &#8211; s\u00e1bado 15h30 \u00e0s 17h30<\/p>\n","protected":false},"author":1,"featured_media":0,"parent":0,"menu_order":0,"comment_status":"closed","ping_status":"closed","template":"","meta":{"footnotes":""},"class_list":["post-181","page","type-page","status-publish","hentry"],"_links":{"self":[{"href":"https:\/\/www.ceacaminhodaluz.org.br\/index.php\/wp-json\/wp\/v2\/pages\/181","targetHints":{"allow":["GET"]}}],"collection":[{"href":"https:\/\/www.ceacaminhodaluz.org.br\/index.php\/wp-json\/wp\/v2\/pages"}],"about":[{"href":"https:\/\/www.ceacaminhodaluz.org.br\/index.php\/wp-json\/wp\/v2\/types\/page"}],"author":[{"embeddable":true,"href":"https:\/\/www.ceacaminhodaluz.org.br\/index.php\/wp-json\/wp\/v2\/users\/1"}],"replies":[{"embeddable":true,"href":"https:\/\/www.ceacaminhodaluz.org.br\/index.php\/wp-json\/wp\/v2\/comments?post=181"}],"version-history":[{"count":5,"href":"https:\/\/www.ceacaminhodaluz.org.br\/index.php\/wp-json\/wp\/v2\/pages\/181\/revisions"}],"predecessor-version":[{"id":1015,"href":"https:\/\/www.ceacaminhodaluz.org.br\/index.php\/wp-json\/wp\/v2\/pages\/181\/revisions\/1015"}],"wp:attachment":[{"href":"https:\/\/www.ceacaminhodaluz.org.br\/index.php\/wp-json\/wp\/v2\/media?parent=181"}],"curies":[{"name":"wp","href":"https:\/\/api.w.org\/{rel}","templated":true}]}}