{"id":18,"date":"2016-11-01T23:55:09","date_gmt":"2016-11-02T01:55:09","guid":{"rendered":"http:\/\/www.ceacaminhodaluz.org.br\/?page_id=18"},"modified":"2025-01-11T11:48:05","modified_gmt":"2025-01-11T14:48:05","slug":"mensagem-da-diretoria","status":"publish","type":"page","link":"https:\/\/www.ceacaminhodaluz.org.br\/","title":{"rendered":""},"content":{"rendered":"\n<p class=\"has-text-align-center has-medium-font-size\"><\/p>\n\n\n<p align=\"center\"><video id=\"auto\" autoplay=\"autoplay\" muted=\"\" width=\"330\" height=\"260\"><source src=\"https:\/\/www.ceacaminhodaluz.org.br\/wp-content\/uploads\/2025\/01\/ACL_institucional.mp4\" width=\"350\" height=\"280\" type=\"video\/MP4\"><\/video><\/p>\n<p>Fundado em 08 de agosto de 1955, no munic\u00edpio de Volta Redonda no Estado do Rio de Janeiro, o Centro Esp\u00edrita \u201cA Caminho da Luz\u201d &#8211; VR \u00e9 uma Associa\u00e7\u00e3o Religiosa de car\u00e1ter filos\u00f3fico, cient\u00edfico, filantr\u00f3pico, assist\u00eancia e promo\u00e7\u00e3o social, com personalidade jur\u00eddica.<\/p>\n<p>Finalidade: Promover o estudo te\u00f3rico, experimental e pr\u00e1tico da Doutrina Esp\u00edrita codificada por Allan Kardec, atendendo as pessoas que: buscam esclarecimento, orienta\u00e7\u00e3o e amparo para seus problemas espirituais, morais e materiais; querem conhecer e estudar a Doutrina Esp\u00edrita; querem trabalhar, colaborar e servir nas \u00e1reas de a\u00e7\u00e3o que a pr\u00e1tica esp\u00edrita oferece.<\/p>\n<p>O nome da casa \u00e9 em homenagem \u00e0 obra medi\u00fanica A CAMINHO DA LUZ, livro psicografado por Francisco C\u00e2ndido Xavier &#8211; ditado pelo esp\u00edrito Emmanuel &#8211; no per\u00edodo de 17 de agosto \u00e0 21 de setembro de 1938, e no qual est\u00e1 registrada a Hist\u00f3ria da Civiliza\u00e7\u00e3o \u00e0 Luz do Espiritismo. Emmanuel foi o escolhido para ser o mentor espiritual dessa Casa.<\/p>\n<p>Localiza\u00e7\u00e3o: Rua Machado de Assis, n\u00ba 211 \u2013 Bairro S\u00e3o Jo\u00e3o \u2013 Volta Redonda\/RJ &#8211; CEP: 27253-100<br \/>Fone: (24)3343-1101<br \/>E-mail: contato@ceacaminhodaluz.org.br<br \/>CNPJ: 29.061.892\/0001-12<\/p>\n<p>\u00bb Se inscreva no nosso Canal e o compartilhe:<\/p>\n<p><a href=\"https:\/\/youtube.com\/@ceacaminhodaluzvr?si=R-8yTbFB8Jx0OQpZ\" target=\"_blank\" rel=\"noopener\">https:\/\/youtube.com\/@ceacaminhodaluzvr<\/a><\/p>\n<p>\u00bb Siga-nos no Instagram:<br \/><a href=\"https:\/\/www.instagram.com\/acaminhodaluzvr\/\" target=\"_blank\" rel=\"noopener\">https:\/\/www.instagram.com\/acaminhodaluzvr\/<\/a><\/p>\n<p>\u00bb Curta a nossa P\u00e1gina no Facebook:<br \/><a href=\"https:\/\/web.facebook.com\/ceacaminhodaluzvr\" target=\"_blank\" rel=\"noopener\">https:\/\/web.facebook.com\/ceacaminhodaluzvr<\/a><\/p>\n<p>\u00bb Ou\u00e7a nossas palestras pelo Spotfy:<br \/><a href=\"https:\/\/spoti.fi\/3NFEXjv\" target=\"_blank\" rel=\"noopener\">https:\/\/spoti.fi\/3NFEXjv<\/a><\/p>","protected":false},"excerpt":{"rendered":"<p>Fundado em 08 de agosto de 1955, no munic\u00edpio de Volta Redonda no Estado do Rio de Janeiro, o Centro Esp\u00edrita \u201cA Caminho da Luz\u201d &#8211; VR \u00e9 uma Associa\u00e7\u00e3o Religiosa de car\u00e1ter filos\u00f3fico, cient\u00edfico, filantr\u00f3pico, assist\u00eancia e promo\u00e7\u00e3o social, com personalidade jur\u00eddica. Finalidade: Promover o estudo te\u00f3rico, experimental e pr\u00e1tico da Doutrina Esp\u00edrita codificada [&hellip;]<\/p>\n","protected":false},"author":1,"featured_media":0,"parent":0,"menu_order":0,"comment_status":"closed","ping_status":"closed","template":"","meta":{"footnotes":""},"class_list":["post-18","page","type-page","status-publish","hentry"],"_links":{"self":[{"href":"https:\/\/www.ceacaminhodaluz.org.br\/index.php\/wp-json\/wp\/v2\/pages\/18","targetHints":{"allow":["GET"]}}],"collection":[{"href":"https:\/\/www.ceacaminhodaluz.org.br\/index.php\/wp-json\/wp\/v2\/pages"}],"about":[{"href":"https:\/\/www.ceacaminhodaluz.org.br\/index.php\/wp-json\/wp\/v2\/types\/page"}],"author":[{"embeddable":true,"href":"https:\/\/www.ceacaminhodaluz.org.br\/index.php\/wp-json\/wp\/v2\/users\/1"}],"replies":[{"embeddable":true,"href":"https:\/\/www.ceacaminhodaluz.org.br\/index.php\/wp-json\/wp\/v2\/comments?post=18"}],"version-history":[{"count":68,"href":"https:\/\/www.ceacaminhodaluz.org.br\/index.php\/wp-json\/wp\/v2\/pages\/18\/revisions"}],"predecessor-version":[{"id":890,"href":"https:\/\/www.ceacaminhodaluz.org.br\/index.php\/wp-json\/wp\/v2\/pages\/18\/revisions\/890"}],"wp:attachment":[{"href":"https:\/\/www.ceacaminhodaluz.org.br\/index.php\/wp-json\/wp\/v2\/media?parent=18"}],"curies":[{"name":"wp","href":"https:\/\/api.w.org\/{rel}","templated":true}]}}