{"id":174,"date":"2016-11-20T19:13:19","date_gmt":"2016-11-20T21:13:19","guid":{"rendered":"http:\/\/www.ceacaminhodaluz.org.br\/?page_id=174"},"modified":"2016-11-20T19:13:19","modified_gmt":"2016-11-20T21:13:19","slug":"evangelho-no-lar","status":"publish","type":"page","link":"https:\/\/www.ceacaminhodaluz.org.br\/index.php\/evangelho-no-lar\/","title":{"rendered":"Evangelho no Lar"},"content":{"rendered":"<p><em>\u201cPorque onde estiverem reunidos em meu nome, l\u00e1 estarei presente.\u201d &#8211; Jesus. (MATEUS, 18:20)<br \/>\n<\/em><br \/>\n<strong>O QUE \u00c9?<\/strong><\/p>\n<p>O Culto do\u00a0Evangelho no Lar\u00a0\u00e9 o estudo do Evangelho de Jesus em reuni\u00e3o familiar.<\/p>\n<p>\u00c9 uma\u00a0pr\u00e1tica crist\u00e3\u00a0que a\u00a0Doutrina Esp\u00edrita\u00a0recomenda como recurso poderoso contra a obsess\u00e3o, possuindo grande alcance na limpeza espiritual do lar.<\/p>\n<p>Traz diversos benef\u00edcios \u00e0s pessoas que o praticam, pois permite ampla compreens\u00e3o dos ensinamentos de Jesus,\u00a0levando ao esclarecimento e \u00e0 aceita\u00e7\u00e3o de t\u00ea-los como roteiro seguro para nossas vidas.<\/p>\n<p>Ajuda-nos a superar as dificuldades no lar e fora dele, acendendo-nos a luz da compreens\u00e3o, da caridade e da paci\u00eancia.\u00a0Modifica o padr\u00e3o vibrat\u00f3rio dos nossos pensamentos e sentimentos, afastando das nossas mentes as cria\u00e7\u00f5es inferiores, agentes da enfermidade e os desequil\u00edbrios. \u00c9 um canal de comunica\u00e7\u00e3o com Jesus e sintonia com os bons esp\u00edritos.<\/p>\n<p>Quando o culto do\u00a0Evangelho no Lar\u00a0\u00e9 praticado fielmente \u00e0 data e ao hor\u00e1rio semanal estabelecidos, atrai-se para o conv\u00edvio dom\u00e9stico os Esp\u00edritos Superiores, que orientam e amparam, estimulam e protegem a todos.<\/p>\n<p>A presen\u00e7a de esp\u00edritos iluminados no lar afasta aqueles de \u00edndole inferior, que desejam a desuni\u00e3o e a disc\u00f3rdia. O ambiente torna-se posto avan\u00e7ado da Luz, onde almas dedicadas ao bem estar\u00e3o sempre presentes, quer encarnadas, quer desencarnadas.<\/p>\n<p>As pessoas habituadas \u00e0 ora\u00e7\u00e3o, ao estudo e \u00e0 viv\u00eancia crist\u00e3, tornam-se mais sens\u00edveis \u00e0s inspira\u00e7\u00f5es dos bons esp\u00edritos.<\/p>\n<p><strong>COMO \u00c9 REALIZADO?<\/strong><\/p>\n<p>O\u00a0Evangelho no Lar\u00a0\u00e9 antes de tudo uma reuni\u00e3o de esp\u00edritos reencarnados no mesmo ambiente, buscando atrav\u00e9s da prece, da eleva\u00e7\u00e3o de pensamentos e do di\u00e1logo fraterno, o amparo e o aux\u00edlio do Mais Alto para seus problemas e necessidades. N\u00e3o deve ser solene ou ritual\u00edstico, com palavras e movimentos decorados.<\/p>\n<p>&#8211; Escolher pelo menos um dia da semana e hor\u00e1rio para reuni\u00e3o com a fam\u00edlia \u2013 a pontualidade e a assiduidade s\u00e3o importantes para o bom contato com o Plano Espiritual.<\/p>\n<p>&#8211; Escolher um aposento silencioso e agrad\u00e1vel da casa, de prefer\u00eancia a sala de jantar, e que esteja com os aparelhos eletro-eletr\u00f4nicos desligados.<\/p>\n<p>&#8211; Colocar uma jarra ou qualquer outro recipiente com \u00e1gua sobre a mesa, para fluidifica\u00e7\u00e3o. Tamb\u00e9m podem ser utilizados copos em n\u00famero correspondente aos integrantes da reuni\u00e3o.<\/p>\n<p>&#8211; Realizar uma prece de abertura da reuni\u00e3o. Pode ser uma prece pronta ou uma prece espont\u00e2nea, o importante \u00e9 o sentimento de f\u00e9 e a confian\u00e7a na Prote\u00e7\u00e3o Divina.<\/p>\n<p>&#8211; Fazer a leitura, em voz aud\u00edvel, de um trecho de \u201cO Evangelho Segundo o Espiritismo\u201d e\/ou de uma mensagem de outra obra b\u00e1sica ou complementar da Doutrina Esp\u00edrita, ou ainda da B\u00edblia, de prefer\u00eancia o Novo Testamento. O Evangelho poder\u00e1 ser aberto ao acaso ou ser estudado sequencialmente.<\/p>\n<p>&#8211; Podem ser feitos coment\u00e1rios e reflex\u00f5es sobre os textos lidos, de forma simples e sem fugir do tema, sem cr\u00edticas ou julgamentos \u00e0s pessoas presentes \u00e0 reuni\u00e3o &#8211; o clima deve ser sempre de respeito e harmonia.<\/p>\n<p>&#8211; Realizar uma prece de encerramento, agradecendo as li\u00e7\u00f5es recebidas e rogando a Jesus paz, harmonia, sa\u00fade e prote\u00e7\u00e3o para os membros da reuni\u00e3o, bem como os parentes, amigos etc. Desejando, rogar tamb\u00e9m pelos doentes, desamparados e infelizes da Terra. Por \u00faltimo, pedir a b\u00ean\u00e7\u00e3o Divina para os familiares desencarnados, sem temor &#8211; a lembran\u00e7a da prece alegra e pacifica os que partiram.<\/p>\n<p>&#8211; Servir a \u00e1gua fluidificada aos presentes.<\/p>\n<p><strong>IMPORTANTE:<\/strong><\/p>\n<p>&#8211; O ideal \u00e9 que todos da fam\u00edlia participem, inclusive as crian\u00e7as, mas, n\u00e3o sendo poss\u00edvel, n\u00e3o se deve for\u00e7ar ningu\u00e9m.<\/p>\n<p>&#8211; A dura\u00e7\u00e3o deve ser de 30 a 40 minutos; cada fam\u00edlia dever\u00e1 encontrar o seu tempo ideal.<\/p>\n<p>&#8211; \u00c9 desaconselh\u00e1vel qualquer manifesta\u00e7\u00e3o medi\u00fanica durante a reuni\u00e3o. A sua finalidade b\u00e1sica \u00e9 o estudo do Evangelho de Jesus, para o aprendizado Crist\u00e3o. Os casos de mediunidade indisciplinada devem ser encaminhados a uma sociedade esp\u00edrita id\u00f4nea.<\/p>\n<p>&#8211; O Evangelho no Lar n\u00e3o deve ser suspenso em virtude de festas ou visitas.<\/p>\n<p><strong>Sugest\u00f5es de leitura para o Evangelho no Lar (livros):\u00a0<\/strong><\/p>\n<p>&#8211; Caminho Verdade e Vida (Pelo Esp\u00edrito Emmanuel \u2013 Psicografia Chico Xavier)<br \/>\n&#8211; Palavras de Vida Eterna (Pelo Esp\u00edrito Emmanuel \u2013 Psicografia Chico Xavier)<br \/>\n&#8211; P\u00e3o Nosso (Pelo Esp\u00edrito Emmanuel \u2013 Psicografia Chico Xavier)<br \/>\n&#8211; Vinha de Luz (Pelo Esp\u00edrito Emmanuel \u2013 Psicografia Chico Xavier)<br \/>\n&#8211; Fonte Viva (Pelo Esp\u00edrito Emmanuel \u2013 Psicografia Chico Xavier)<br \/>\n&#8211; Jesus no Lar (Pelo Esp\u00edrito N\u00e9io L\u00facio \u2013 Psicografia Chico Xavier)<br \/>\n&#8211; Alvorada Crist\u00e3 (Pelo Esp\u00edrito N\u00e9io L\u00facio \u2013 Psicografia Chico Xavier)<br \/>\n&#8211; Sinal Verde (Pelo Esp\u00edrito Andr\u00e9 luiz \u2013 Psicografia Chico Xavier)<br \/>\n&#8211; Agenda Crist\u00e3 (Pelo Esp\u00edrito Andr\u00e9 Luiz \u2013 Psicografia Chico Xavier)<br \/>\n&#8211; Luz no Lar (Por Esp\u00edritos diversos \u2013 Psicografia Chico Xavier)<\/p>\n<p style=\"text-align: right;\"><em>\u201cOrganizemos o nosso agrupamento dom\u00e9stico do Evangelho. O Lar \u00e9 o cora\u00e7\u00e3o do organismo social. Em casa, come\u00e7a nossa miss\u00e3o no mundo Entre as paredes do templo familiar, preparamo-nos para a vida com todos. Seremos, l\u00e1 fora, no grande campo da experi\u00eancia p\u00fablica, o prosseguimento daquilo que j\u00e1 somos na intimidade de n\u00f3s mesmos. Fujamos \u00e0 frustra\u00e7\u00e3o espiritual e busquemos no relic\u00e1rio dom\u00e9stico o sublime cultivo dos nossos ideais com Jesus.\u201d<br \/>\n(Pelo Esp\u00edrito Scheilla &#8211;\u00a0Da obra: Luz no Lar &#8211; Francisco C\u00e2ndido Xavier)<\/em><\/p>\n<p style=\"text-align: right;\"><em>&#8220;A prote\u00e7\u00e3o da Esfera Superior \u00e9 ineg\u00e1vel para todos n\u00f3s que ainda nos movimentamos na sombra.<br \/>\nAi de n\u00f3s, todavia, se n\u00e3o procurarmos as b\u00ean\u00e7\u00e3os da luz&#8230;&#8221;<br \/>\n<\/em><em>Andr\u00e9 Luiz<\/em><\/p>\n","protected":false},"excerpt":{"rendered":"<p>\u201cPorque onde estiverem reunidos em meu nome, l\u00e1 estarei presente.\u201d &#8211; Jesus. (MATEUS, 18:20) O QUE \u00c9? O Culto do\u00a0Evangelho no Lar\u00a0\u00e9 o estudo do Evangelho de Jesus em reuni\u00e3o familiar. \u00c9 uma\u00a0pr\u00e1tica crist\u00e3\u00a0que a\u00a0Doutrina Esp\u00edrita\u00a0recomenda como recurso poderoso contra a obsess\u00e3o, possuindo grande alcance na limpeza espiritual do lar. Traz diversos benef\u00edcios \u00e0s pessoas [&hellip;]<\/p>\n","protected":false},"author":1,"featured_media":0,"parent":0,"menu_order":0,"comment_status":"closed","ping_status":"closed","template":"","meta":{"footnotes":""},"class_list":["post-174","page","type-page","status-publish","hentry"],"_links":{"self":[{"href":"https:\/\/www.ceacaminhodaluz.org.br\/index.php\/wp-json\/wp\/v2\/pages\/174","targetHints":{"allow":["GET"]}}],"collection":[{"href":"https:\/\/www.ceacaminhodaluz.org.br\/index.php\/wp-json\/wp\/v2\/pages"}],"about":[{"href":"https:\/\/www.ceacaminhodaluz.org.br\/index.php\/wp-json\/wp\/v2\/types\/page"}],"author":[{"embeddable":true,"href":"https:\/\/www.ceacaminhodaluz.org.br\/index.php\/wp-json\/wp\/v2\/users\/1"}],"replies":[{"embeddable":true,"href":"https:\/\/www.ceacaminhodaluz.org.br\/index.php\/wp-json\/wp\/v2\/comments?post=174"}],"version-history":[{"count":1,"href":"https:\/\/www.ceacaminhodaluz.org.br\/index.php\/wp-json\/wp\/v2\/pages\/174\/revisions"}],"predecessor-version":[{"id":175,"href":"https:\/\/www.ceacaminhodaluz.org.br\/index.php\/wp-json\/wp\/v2\/pages\/174\/revisions\/175"}],"wp:attachment":[{"href":"https:\/\/www.ceacaminhodaluz.org.br\/index.php\/wp-json\/wp\/v2\/media?parent=174"}],"curies":[{"name":"wp","href":"https:\/\/api.w.org\/{rel}","templated":true}]}}