{"id":147,"date":"2016-11-20T18:42:39","date_gmt":"2016-11-20T20:42:39","guid":{"rendered":"http:\/\/www.ceacaminhodaluz.org.br\/?page_id=147"},"modified":"2025-02-04T20:27:18","modified_gmt":"2025-02-04T23:27:18","slug":"ajude-nos-a-ajudar","status":"publish","type":"page","link":"https:\/\/www.ceacaminhodaluz.org.br\/index.php\/ajude-nos-a-ajudar\/","title":{"rendered":"Ajude-nos a ajudar!"},"content":{"rendered":"<p>Com a pandemia, nosso trabalho de assist\u00eancia aos necessitados aumentou bastante, mas se mant\u00e9m firme atrav\u00e9s do SAPSE (Servi\u00e7o de Assist\u00eancia e Promo\u00e7\u00e3o Social Esp\u00edrita).<\/p>\n<p>Toda 2\u00aa-feira, volunt\u00e1rios v\u00e3o ao Centro para a entrega das cestas b\u00e1sicas \u00e0s fam\u00edlias cadastradas. Neste dia da semana, atendemos \u00e0s gestantes assistidas pela Casa, dando a elas uma cesta de alimentos semanal, al\u00e9m de kits de enxoval de beb\u00ea montados pelas equipes de volunt\u00e1rias.<\/p>\n<p>Nosso Bazar Beneficente se tornou permanente.<\/p>\n<p><strong>SEJA UM COLABORADOR CONSTANTE DO NOSSO TRABALHO ASSISTENCIAL!<\/strong><\/p>\n<p><strong>Formas de ajudar:<\/strong><\/p>\n<p>\u2013 Carn\u00ea AMIGOS do \u2018A CAMINHO DA LUZ\u2019 &#8211; Retire o seu na nossa secretaria e contribua mensalmente com qualquer valor acima de R$5,00.<\/p>\n<p>\u2013 Doe Alimentos n\u00e3o perec\u00edveis (arroz, feij\u00e3o, leite em p\u00f3 ou em caixa, macarr\u00e3o, molho de tomate, a\u00e7\u00facar, \u00f3leo de soja, fub\u00e1, tempero, farinha de mandioca, sardinha em lata, biscoitos, p\u00f3 de caf\u00e9, achocolatado em p\u00f3 etc.), para compor as cestas semanais entregues \u00e0s gestantes carentes assistidas pelo CEACL<\/p>\n<p>\u2013 Doe Roupas, Cal\u00e7ados e Utens\u00edlios Dom\u00e9sticos em bom estado de conserva\u00e7\u00e3o, para a realiza\u00e7\u00e3o do nosso Bazar Beneficente e eventual ajuda a necessitados.<\/p>\n<p>(( Doa\u00e7\u00f5es em Dinheiro )) podem ser feitas:<br \/>\n*pessoalmente em nossa Secretaria &#8211; Whatsapp: (24) 3343-1101;<br \/>\n*via Banco do Brasil (Ag: 0262-3 Conta: 4.303-6); e<br \/>\n*via PIX (chave CNPJ do Centro): 29.061.892\/0001-12<\/p>\n<p style=\"text-align: center;\"><strong>Desde j\u00e1, o C. E. \u2018A CAMINHO DA LUZ\u2019 agradece sua valiosa contribui\u00e7\u00e3o. <\/strong><\/p>\n","protected":false},"excerpt":{"rendered":"<p>Com a pandemia, nosso trabalho de assist\u00eancia aos necessitados aumentou bastante, mas se mant\u00e9m firme atrav\u00e9s do SAPSE (Servi\u00e7o de Assist\u00eancia e Promo\u00e7\u00e3o Social Esp\u00edrita). Toda 2\u00aa-feira, volunt\u00e1rios v\u00e3o ao Centro para a entrega das cestas b\u00e1sicas \u00e0s fam\u00edlias cadastradas. Neste dia da semana, atendemos \u00e0s gestantes assistidas pela Casa, dando a elas uma cesta [&hellip;]<\/p>\n","protected":false},"author":1,"featured_media":0,"parent":0,"menu_order":0,"comment_status":"closed","ping_status":"closed","template":"","meta":{"footnotes":""},"class_list":["post-147","page","type-page","status-publish","hentry"],"_links":{"self":[{"href":"https:\/\/www.ceacaminhodaluz.org.br\/index.php\/wp-json\/wp\/v2\/pages\/147","targetHints":{"allow":["GET"]}}],"collection":[{"href":"https:\/\/www.ceacaminhodaluz.org.br\/index.php\/wp-json\/wp\/v2\/pages"}],"about":[{"href":"https:\/\/www.ceacaminhodaluz.org.br\/index.php\/wp-json\/wp\/v2\/types\/page"}],"author":[{"embeddable":true,"href":"https:\/\/www.ceacaminhodaluz.org.br\/index.php\/wp-json\/wp\/v2\/users\/1"}],"replies":[{"embeddable":true,"href":"https:\/\/www.ceacaminhodaluz.org.br\/index.php\/wp-json\/wp\/v2\/comments?post=147"}],"version-history":[{"count":8,"href":"https:\/\/www.ceacaminhodaluz.org.br\/index.php\/wp-json\/wp\/v2\/pages\/147\/revisions"}],"predecessor-version":[{"id":892,"href":"https:\/\/www.ceacaminhodaluz.org.br\/index.php\/wp-json\/wp\/v2\/pages\/147\/revisions\/892"}],"wp:attachment":[{"href":"https:\/\/www.ceacaminhodaluz.org.br\/index.php\/wp-json\/wp\/v2\/media?parent=147"}],"curies":[{"name":"wp","href":"https:\/\/api.w.org\/{rel}","templated":true}]}}